{"id":783,"date":"2019-06-11T06:14:08","date_gmt":"2019-06-11T06:14:08","guid":{"rendered":"https:\/\/websitedemos.net\/pet-care-07-wip\/?page_id=8"},"modified":"2020-02-20T23:55:15","modified_gmt":"2020-02-20T22:55:15","slug":"about-me","status":"publish","type":"page","link":"https:\/\/karmydedykowane.pl\/blog\/about-me\/","title":{"rendered":"O nas"},"content":{"rendered":"\n<section class=\"wp-block-uagb-section uagb-section__wrap uagb-section__background-image\" id=\"uagb-section-3722aa3e-440f-47f7-b086-dd6bd850f6f5\"><div class=\"uagb-section__overlay\"><\/div><div class=\"uagb-section__inner-wrap\">\n<section class=\"wp-block-uagb-columns uagb-columns__wrap uagb-columns__background-undefined uagb-columns__stack-tablet uagb-columns__valign-middle uagb-columns__gap-0 alignundefined uagb-columns__reverse-tablet uagb-columns__reverse-mobile\" id=\"uagb-columns-8a7368fc-e47b-410e-ba39-f8989f12859e\"><div class=\"uagb-columns__overlay\"><\/div><div class=\"uagb-columns__inner-wrap uagb-columns__columns-2\">\n<div class=\"wp-block-uagb-column uagb-column__wrap uagb-column__background-undefined\" id=\"uagb-column-b54f5863-2954-4e1f-9835-e534915f2111\"><div class=\"uagb-column__overlay\"><\/div><div class=\"uagb-column__inner-wrap\">\n<p><\/p>\n<\/div><\/div>\n\n\n\n<div class=\"wp-block-uagb-column uagb-column__wrap uagb-column__background-color\" id=\"uagb-column-e5c55feb-d677-42fc-8f6d-3faec0300c28\"><div class=\"uagb-column__overlay\"><\/div><div class=\"uagb-column__inner-wrap\">\n<div class=\"uagb-infobox__outer-wrap\" id=\"uagb-infobox-f5c5be53-d2c2-4402-890e-ce90086b3a06\"><div class=\"uagb-infobox__content-wrap uagb-infobox uagb-infobox-has-icon uagb-infobox-icon-above-title uagb-infobox-image-valign-top uagb-infobox-enable-border-radius \"><div class=\"uagb-ifb-left-right-wrap\"><div class=\"uagb-ifb-content\"><div class=\"uagb-ifb-title-wrap\"><h1 class=\"uagb-ifb-title\">Kilka s\u0142\u00f3w o nas<\/h1><\/div><div class=\"uagb-ifb-text-wrap\"><\/div><\/div><\/div><\/div><\/div>\n<\/div><\/div>\n<\/div><\/section>\n<\/div><\/section>\n\n\n\n<section class=\"wp-block-uagb-section uagb-section__wrap uagb-section__background-color\" id=\"uagb-section-55135059-70b9-4b19-90ac-f90c491bb643\"><div class=\"uagb-section__overlay\"><\/div><div class=\"uagb-section__inner-wrap\">\n<div class=\"wp-block-uagb-advanced-heading\" id=\"uagb-adv-heading-0d35ab9f-1ae5-4221-a57f-c4a96477dce5\"><h2 class=\"uagb-heading-text\">Kim nie jeste\u015bmy?<\/h2><p class=\"uagb-desc-text\"><\/p><\/div>\n\n\n\n<div class=\"wp-block-uagb-advanced-heading\" id=\"uagb-adv-heading-2e6eb897-2845-42db-93d5-dae9bc23cef7\"><h3 class=\"uagb-heading-text\">Nie jeste\u015bmy typowym sklepem zoologicznym z gotowym towarem stoj\u0105cym na p\u00f3\u0142kach.<\/h3><p class=\"uagb-desc-text\"><\/p><\/div>\n\n\n\n<section class=\"wp-block-uagb-columns uagb-columns__wrap uagb-columns__background-undefined uagb-columns__stack-mobile uagb-columns__valign-top uagb-columns__gap-0 alignundefined\" id=\"uagb-columns-276ab25c-4727-4f05-b929-244e959addbd\"><div class=\"uagb-columns__overlay\"><\/div><div class=\"uagb-columns__inner-wrap uagb-columns__columns-2\">\n<div class=\"wp-block-uagb-column uagb-column__wrap uagb-column__background-undefined\" id=\"uagb-column-88f604ba-c2f1-4195-8581-3ba981174f4f\"><div class=\"uagb-column__overlay\"><\/div><div class=\"uagb-column__inner-wrap\">\n<h2>Dlaczego indywidualna dieta?<\/h2>\n\n\n\n<p>Karmydedykowane.pl, to propozycja indywidualnych rozwi\u0105za\u0144 \u017cywieniowych dla zwierz\u0119cia na podstawie jego specyficznych wymaga\u0144 w danej chwili jego \u017cycia.<br><br>By sprosta\u0107 bardzo indywidulanym potrzebom zwierz\u0119cia nasze karmy s\u0105 wytwarzane czasem w bardzo ma\u0142ych partiach. Wyd\u0142u\u017ca to niekiedy czas realizacji zam\u00f3wienia, ale co najwa\u017cniejsze: ta karma b\u0119dzie&nbsp;\u201euszyta na miar\u0119\u201d!<br><br>Nasz serwis&nbsp;Karmydedykowane.pl&nbsp;u\u017cywa wyprzedzaj\u0105cych powiadomie\u0144 o ko\u0144cz\u0105cej si\u0119 karmie. Pomagaj\u0105 one w\u0142a\u015bcicielowi zwierz\u0119cia zakupi\u0107 odpowiednio wcze\u015bnie kolejn\u0105 porcj\u0119 karmy. To udogodnienie gwarantuje karm\u0119 \u201euszyt\u0105 na miar\u0119\u201d i na czas.<br><br>W produkcji naszych karm nie stosujemy sztucznych barwnik\u00f3w, i konserwant\u00f3w, sztucznych aromat\u00f3w i sk\u0142adnik\u00f3w genetycznie zmodyfikowanych.<br><br>Karmydedykowane.pl, to karmy o bardzo wysokiej zawarto\u015bci pe\u0142nowarto\u015bciowego mi\u0119sa (50-60%), wolnego od konserwant\u00f3w wzbogacone o zio\u0142a, owoce i warzywa.<br><br>Karmydedykowane.pl&nbsp;s\u0105 wolne od ziaren zb\u00f3\u017c i zawartego w nich glutenu wywo\u0142uj\u0105cego u wielu ps\u00f3w reakcje alergiczne.<br><br>W&nbsp;Karmydedykowane.pl&nbsp;procesy technologicznej obr\u00f3bki surowc\u00f3w nie przekraczaj\u0105 100*C.<br><br>Nie wierz nam na s\u0142owo, pozw\u00f3l swojemu psu pozna\u0107 r\u00f3\u017cnic\u0119!<\/p>\n<\/div><\/div>\n\n\n\n<div class=\"wp-block-uagb-column uagb-column__wrap uagb-column__background-undefined\" id=\"uagb-column-e59bb156-41ca-4fa4-9a19-08c68407d1fc\"><div class=\"uagb-column__overlay\"><\/div><div class=\"uagb-column__inner-wrap\">\n<h2>Co nas wyr\u00f3\u017cnia?<\/h2>\n\n\n\n<p>Ilo\u015b\u0107 element\u00f3w jakie trzeba wzi\u0105\u0107 pod uwag\u0119 przy uk\u0142adaniu dawki pokarmowej dla zwierz\u0119cia, to bardzo szczeg\u00f3\u0142owa mozaika.<\/p>\n\n\n\n<p>W serwisie&nbsp;karmydedykowane.pl&nbsp;bierzemy pod uwag\u0119 znacznie wi\u0119cej&nbsp;czynnik\u00f3w \u017cywieniowych, ni\u017c typowy dostawca suchej karmy.<\/p>\n\n\n\n<p>Wyliczamy bardzo precyzyjnie dzienn\u0105 dawk\u0119 pokarmow\u0105, kt\u00f3ra jest uzale\u017cniona od zmiany cho\u0107by jednego&nbsp;najmniejszego czynnika&nbsp;wyst\u0119puj\u0105cego w \u017cyciu psa.<br><br><br>Te puzzle uk\u0142adamy najlepiej!<\/p>\n\n\n\n<p>  <\/p>\n<\/div><\/div>\n<\/div><\/section>\n<\/div><\/section>\n\n\n\n<section class=\"wp-block-uagb-section uagb-section__wrap uagb-section__background-color\" id=\"uagb-section-de78da98-b1fc-4882-95ab-a3d41adc526f\"><div class=\"uagb-section__overlay\"><\/div><div class=\"uagb-section__inner-wrap\">\n<section class=\"wp-block-uagb-columns uagb-columns__wrap uagb-columns__background-undefined uagb-columns__stack-mobile uagb-columns__valign-middle uagb-columns__gap-10 alignundefined\" id=\"uagb-columns-ec884fd7-2d57-4108-9f91-e2eb9c6e959b\"><div class=\"uagb-columns__overlay\"><\/div><div class=\"uagb-columns__inner-wrap uagb-columns__columns-5\">\n<div class=\"wp-block-uagb-column uagb-column__wrap uagb-column__background-undefined\" id=\"uagb-column-d46944ab-be1f-4f89-bf61-b5376abbb24d\"><div class=\"uagb-column__overlay\"><\/div><div class=\"uagb-column__inner-wrap\">\n<div class=\"wp-block-uagb-advanced-heading\" id=\"uagb-adv-heading-2d69435d-448c-4ea0-a6ea-e4520adc9625\"><h3 class=\"uagb-heading-text\">Featured In <\/h3><p class=\"uagb-desc-text\"><\/p><\/div>\n<\/div><\/div>\n\n\n\n<div class=\"wp-block-uagb-column uagb-column__wrap uagb-column__background-undefined\" id=\"uagb-column-08c9ab30-50ad-4f23-a600-03e94bfca180\"><div class=\"uagb-column__overlay\"><\/div><div class=\"uagb-column__inner-wrap\">\n<div class=\"wp-block-image\"><figure class=\"aligncenter\"><img loading=\"lazy\" width=\"257\" height=\"53\" src=\"https:\/\/websitedemos.net\/pet-care-07-wip\/wp-content\/uploads\/sites\/461\/2019\/06\/pets-logo4-free-img.png\" alt=\"\" class=\"wp-image-693\"\/><\/figure><\/div>\n<\/div><\/div>\n\n\n\n<div class=\"wp-block-uagb-column uagb-column__wrap uagb-column__background-undefined\" id=\"uagb-column-cdf3695d-a839-4a52-8bf4-cff891de83af\"><div class=\"uagb-column__overlay\"><\/div><div class=\"uagb-column__inner-wrap\">\n<div class=\"wp-block-image\"><figure class=\"aligncenter\"><img loading=\"lazy\" width=\"257\" height=\"53\" src=\"https:\/\/websitedemos.net\/pet-care-07-wip\/wp-content\/uploads\/sites\/461\/2019\/06\/pets-logo2-free-img.png\" alt=\"\" class=\"wp-image-692\"\/><\/figure><\/div>\n<\/div><\/div>\n\n\n\n<div class=\"wp-block-uagb-column uagb-column__wrap uagb-column__background-undefined\" id=\"uagb-column-318fcd00-42ea-4b55-b6e5-810329d23f58\"><div class=\"uagb-column__overlay\"><\/div><div class=\"uagb-column__inner-wrap\">\n<div class=\"wp-block-image\"><figure class=\"aligncenter\"><img loading=\"lazy\" width=\"257\" height=\"53\" src=\"https:\/\/websitedemos.net\/pet-care-07-wip\/wp-content\/uploads\/sites\/461\/2019\/06\/pets-logo8-free-img.png\" alt=\"\" class=\"wp-image-691\"\/><\/figure><\/div>\n<\/div><\/div>\n\n\n\n<div class=\"wp-block-uagb-column uagb-column__wrap uagb-column__background-undefined\" id=\"uagb-column-dd3fdca0-e537-44ea-804d-1aa6f55073b3\"><div class=\"uagb-column__overlay\"><\/div><div class=\"uagb-column__inner-wrap\">\n<div class=\"wp-block-image\"><figure class=\"aligncenter is-resized\"><img loading=\"lazy\" src=\"https:\/\/websitedemos.net\/pet-care-07-wip\/wp-content\/uploads\/sites\/461\/2019\/06\/pets-logo7-free-img.png\" alt=\"\" class=\"wp-image-694\" width=\"193\" height=\"40\"\/><\/figure><\/div>\n<\/div><\/div>\n<\/div><\/section>\n<\/div><\/section>\n\n\n\n<section class=\"wp-block-uagb-section uagb-section__wrap uagb-section__background-color\" id=\"uagb-section-136311fd-9fb1-4032-ac35-0692589c1e46\"><div class=\"uagb-section__overlay\"><\/div><div class=\"uagb-section__inner-wrap\">\n<section class=\"wp-block-uagb-columns uagb-columns__wrap uagb-columns__background-undefined uagb-columns__stack-tablet uagb-columns__valign-middle uagb-columns__gap-10 alignundefined\" id=\"uagb-columns-5d2c7d95-37c8-4eb0-9a3c-d25c368de24a\"><div class=\"uagb-columns__overlay\"><\/div><div class=\"uagb-columns__inner-wrap uagb-columns__columns-3\">\n<div class=\"wp-block-uagb-column uagb-column__wrap uagb-column__background-undefined\" id=\"uagb-column-d32f2259-6f81-4eaa-8155-0ad7d3cb170b\"><div class=\"uagb-column__overlay\"><\/div><div class=\"uagb-column__inner-wrap\">\n<p><\/p>\n<\/div><\/div>\n\n\n\n<div class=\"wp-block-uagb-column uagb-column__wrap uagb-column__background-undefined\" id=\"uagb-column-f008aa6d-299f-429c-b0a8-a104e76d97f7\"><div class=\"uagb-column__overlay\"><\/div><div class=\"uagb-column__inner-wrap\">\n<div class=\"uagb-infobox__outer-wrap\" id=\"uagb-infobox-4fed1247-71f4-447d-ad3a-030eb50c6a1e\"><div class=\"uagb-infobox__content-wrap uagb-infobox uagb-infobox-has-icon uagb-infobox-icon-above-title uagb-infobox-image-valign-top uagb-infobox-enable-border-radius \"><div class=\"uagb-ifb-left-right-wrap\"><div class=\"uagb-ifb-content\"><div class=\"uagb-ifb-title-wrap\"><h2 class=\"uagb-ifb-title\"> My\u015blisz nad adopcj\u0105 psa?? <\/h2><\/div><div class=\"uagb-ifb-text-wrap\"><p class=\"uagb-ifb-desc\">Wsp\u00f3\u0142pracujemy z tr\u00f3jmiejskimi schroniskami dla zwierz\u0105t. Kliknij poni\u017cej, je\u017celi jeste\u015b zainteresowany.<\/p><div class=\"uagb-ifb-cta uagb-infobox-cta-link-style\"><div class=\"uagb-ifb-button-wrapper\"><a href=\"https:\/\/schroniskopromyk.pl\/\" class=\"uagb-infobox-cta-link uagb-ifb-cta-button\" target=\"_blank\" rel=\"noopener noreferrer\"><span class=\"uagb-ifb-cta-content-wrapper\"><span class=\"uagb-inline-editing \">Adoptuj<\/span><\/span><\/a><\/div><\/div><\/div><\/div><\/div><\/div><\/div>\n\n\n\n<p><\/p>\n<\/div><\/div>\n\n\n\n<div class=\"wp-block-uagb-column uagb-column__wrap uagb-column__background-undefined\" id=\"uagb-column-64372a62-6b83-4e91-80ef-c9b4806e05dc\"><div class=\"uagb-column__overlay\"><\/div><div class=\"uagb-column__inner-wrap\"><\/div><\/div>\n<\/div><\/section>\n\n\n\n<p><\/p>\n<\/div><\/section>\n","protected":false},"excerpt":{"rendered":"","protected":false},"author":1,"featured_media":0,"parent":0,"menu_order":0,"comment_status":"closed","ping_status":"closed","template":"","meta":[],"uagb_featured_image_src":{"full":false,"thumbnail":false,"medium":false,"medium_large":false,"large":false,"1536x1536":false,"2048x2048":false},"uagb_author_info":{"display_name":"karmy","author_link":"https:\/\/karmydedykowane.pl\/blog\/author\/karmy\/"},"uagb_comment_info":0,"uagb_excerpt":null,"_links":{"self":[{"href":"https:\/\/karmydedykowane.pl\/blog\/wp-json\/wp\/v2\/pages\/783"}],"collection":[{"href":"https:\/\/karmydedykowane.pl\/blog\/wp-json\/wp\/v2\/pages"}],"about":[{"href":"https:\/\/karmydedykowane.pl\/blog\/wp-json\/wp\/v2\/types\/page"}],"author":[{"embeddable":true,"href":"https:\/\/karmydedykowane.pl\/blog\/wp-json\/wp\/v2\/users\/1"}],"replies":[{"embeddable":true,"href":"https:\/\/karmydedykowane.pl\/blog\/wp-json\/wp\/v2\/comments?post=783"}],"version-history":[{"count":6,"href":"https:\/\/karmydedykowane.pl\/blog\/wp-json\/wp\/v2\/pages\/783\/revisions"}],"predecessor-version":[{"id":997,"href":"https:\/\/karmydedykowane.pl\/blog\/wp-json\/wp\/v2\/pages\/783\/revisions\/997"}],"wp:attachment":[{"href":"https:\/\/karmydedykowane.pl\/blog\/wp-json\/wp\/v2\/media?parent=783"}],"curies":[{"name":"wp","href":"https:\/\/api.w.org\/{rel}","templated":true}]}}