{"id":782,"date":"2019-06-11T06:13:37","date_gmt":"2019-06-11T06:13:37","guid":{"rendered":"https:\/\/websitedemos.net\/pet-care-07-wip\/?page_id=6"},"modified":"2020-03-04T18:43:46","modified_gmt":"2020-03-04T17:43:46","slug":"home","status":"publish","type":"page","link":"https:\/\/karmydedykowane.pl\/blog\/","title":{"rendered":"Strona G\u0142\u00f3wna"},"content":{"rendered":"\n<section class=\"wp-block-uagb-section uagb-section__wrap uagb-section__background-image uagb-block-28a2c1fa-f806-4f56-b2dd-de81034fa99b\"><div class=\"uagb-section__overlay\"><\/div><div class=\"uagb-section__inner-wrap\">\n<section class=\"wp-block-uagb-columns uagb-columns__wrap uagb-columns__background-none uagb-columns__stack-tablet uagb-columns__valign-middle uagb-columns__gap-0 alignundefined uagb-columns__reverse-tablet uagb-columns__reverse-mobile uagb-block-2c560579-655b-465e-a2cd-bd35a64900db\"><div class=\"uagb-columns__overlay\"><\/div><div class=\"uagb-columns__inner-wrap uagb-columns__columns-2\">\n<div class=\"wp-block-uagb-column uagb-column__wrap uagb-column__background-color uagb-block-df6927c5-8d8b-4882-adb0-a104d7ef4950\"><div class=\"uagb-column__overlay\"><\/div><div class=\"uagb-column__inner-wrap\">\n<div class=\"uagb-infobox__outer-wrap uagb-block-563f88c9-7e70-4b36-9095-7e978a962da0\"><div class=\"uagb-infobox__content-wrap uagb-infobox uagb-infobox-has-icon uagb-infobox-icon-above-title uagb-infobox-image-valign-top uagb-infobox-enable-border-radius \"><div class=\"uagb-ifb-left-right-wrap\"><div class=\"uagb-ifb-content\"><div class=\"uagb-ifb-title-wrap\"><h1 class=\"uagb-ifb-title\">Te puzzle uk\u0142adamy najlepiej<\/h1><\/div><div class=\"uagb-ifb-text-wrap\"><p class=\"uagb-ifb-desc\">Krok po kroku przygotujemy dedykowany posi\u0142ek dla Twojego psa.<\/p><div class=\"uagb-ifb-cta uagb-infobox-cta-link-style\"><div class=\"uagb-ifb-button-wrapper\"><a href=\"https:\/\/karmydedykowane.pl\/blog\/blog\/\" class=\"uagb-infobox-cta-link uagb-ifb-cta-button\" target=\"_self\" rel=\"noopener noreferrer\"><span class=\"uagb-ifb-cta-content-wrapper\"><span class=\"uagb-inline-editing \">Czytaj naszego bloga<\/span><\/span><\/a><\/div><\/div><\/div><\/div><\/div><\/div><\/div>\n\n\n\n<p><\/p>\n<\/div><\/div>\n\n\n\n<div class=\"wp-block-uagb-column uagb-column__wrap uagb-column__background-none uagb-block-8efdbb47-b12a-4fa5-83d1-10d6a43b03cb\"><div class=\"uagb-column__overlay\"><\/div><div class=\"uagb-column__inner-wrap\">\n<p><\/p>\n<\/div><\/div>\n<\/div><\/section>\n<\/div><\/section>\n\n\n\n<section class=\"wp-block-uagb-section uagb-section__wrap uagb-section__background-color uagb-block-6f37a91e-4df9-42d5-871b-ba9a358b1740\"><div class=\"uagb-section__overlay\"><\/div><div class=\"uagb-section__inner-wrap\">\n<section class=\"wp-block-uagb-columns uagb-columns__wrap uagb-columns__background-none uagb-columns__stack-tablet uagb-columns__valign-middle uagb-columns__gap-10 alignundefined uagb-block-7fffa605-0f4d-462f-8320-aa6e480ed9a6\"><div class=\"uagb-columns__overlay\"><\/div><div class=\"uagb-columns__inner-wrap uagb-columns__columns-3\">\n<div class=\"wp-block-uagb-column uagb-column__wrap uagb-column__background-undefined uagb-block-0d10e1e7-4eea-447e-9bfd-5dcb65ba9087\"><div class=\"uagb-column__overlay\"><\/div><div class=\"uagb-column__inner-wrap\">\n<p><\/p>\n<\/div><\/div>\n\n\n\n<div class=\"wp-block-uagb-column uagb-column__wrap uagb-column__background-none uagb-block-8f566fc5-b5f7-4c29-9af8-442eaa6d4d0d\"><div class=\"uagb-column__overlay\"><\/div><div class=\"uagb-column__inner-wrap\">\n<div class=\"uagb-infobox__outer-wrap uagb-block-a8025065-06f7-4fda-9b9b-cab82e139c69\"><div class=\"uagb-infobox__content-wrap uagb-infobox uagb-infobox-has-image uagb-infobox-icon-above-title uagb-infobox-image-valign-top uagb-infobox-enable-border-radius \"><div class=\"uagb-ifb-left-right-wrap\"><div class=\"uagb-ifb-content\"><div class=\"uagb-ifb-title-wrap\"><span class=\"uagb-ifb-title-prefix\">Witamy na nowym blogu po\u015bwi\u0119conym psom<\/span><h4 class=\"uagb-ifb-title\"> Planujemy dynamicznie rozwija\u0107 i regularnie dodawa\u0107 kolejne wpisy po\u015bwi\u0119cone zdrowiu, \u017cywieniu i zwyczajom naszych czworonog\u00f3w.<\/h4><\/div><div class=\"uagb-ifb-text-wrap\"><p class=\"uagb-ifb-desc\">Mamy nadziej\u0119, \u017ce zostaniecie z nami i ju\u017c nied\u0142ugo b\u0119dziemy mieli okazj\u0119 przedstawienia profesjonalnej wiedzy w ciekawy i przyst\u0119pny dla ka\u017cdego spos\u00f3b.<br><\/p><\/div><\/div><\/div><\/div><\/div>\n<\/div><\/div>\n\n\n\n<div class=\"wp-block-uagb-column uagb-column__wrap uagb-column__background-undefined uagb-block-787bec72-60ad-4d21-a1d4-e4ab637b1c0f\"><div class=\"uagb-column__overlay\"><\/div><div class=\"uagb-column__inner-wrap\"><\/div><\/div>\n<\/div><\/section>\n\n\n\n<section class=\"wp-block-uagb-columns uagb-columns__wrap uagb-columns__background-undefined uagb-columns__stack-tablet uagb-columns__valign-middle uagb-columns__gap-10 alignundefined uagb-block-ea6cb443-d294-4b97-8a6a-0b666a603d67\"><div class=\"uagb-columns__overlay\"><\/div><div class=\"uagb-columns__inner-wrap uagb-columns__columns-3\">\n<div class=\"wp-block-uagb-column uagb-column__wrap uagb-column__background-undefined uagb-block-43bb4015-9bec-4ca8-a5f0-1d40f3988eba\"><div class=\"uagb-column__overlay\"><\/div><div class=\"uagb-column__inner-wrap\">\n<div class=\"uagb-infobox__outer-wrap uagb-block-62c8dbec-524f-47bd-9b19-0425b3915e7b\"><div class=\"uagb-infobox__content-wrap uagb-infobox uagb-infobox-has-icon uagb-infobox-icon-above-title uagb-infobox-image-valign-top uagb-infobox-enable-border-radius \"><div class=\"uagb-ifb-left-right-wrap\"><div class=\"uagb-ifb-content\"><div class=\"uagb-ifb-title-wrap\"><span class=\"uagb-ifb-title-prefix\">01<\/span><h3 class=\"uagb-ifb-title\">Zdrowie<\/h3><\/div><div class=\"uagb-ifb-text-wrap\"><p class=\"uagb-ifb-desc\">Na czym polegaj\u0105 najcz\u0119stsze problemy zdrowotne naszych podopiecznych? Jak ich unika\u0107?<\/p><\/div><\/div><\/div><\/div><\/div>\n\n\n\n<div class=\"uagb-infobox__outer-wrap uagb-block-3b8ac164-ed53-4afe-a2f4-95415dde0c44\"><div class=\"uagb-infobox__content-wrap uagb-infobox uagb-infobox-has-icon uagb-infobox-icon-above-title uagb-infobox-image-valign-top uagb-infobox-enable-border-radius \"><div class=\"uagb-ifb-left-right-wrap\"><div class=\"uagb-ifb-content\"><div class=\"uagb-ifb-title-wrap\"><span class=\"uagb-ifb-title-prefix\">02<\/span><h3 class=\"uagb-ifb-title\">\u017bywienie<\/h3><\/div><div class=\"uagb-ifb-text-wrap\"><p class=\"uagb-ifb-desc\">Jak dostosowa\u0107 posi\u0142ek psa do jego potrzeb?<\/p><\/div><\/div><\/div><\/div><\/div>\n<\/div><\/div>\n\n\n\n<div class=\"wp-block-uagb-column uagb-column__wrap uagb-column__background-undefined uagb-block-6d94f4c0-a198-462d-aeab-730981aecf90\"><div class=\"uagb-column__overlay\"><\/div><div class=\"uagb-column__inner-wrap\">\n<div class=\"wp-block-image\"><figure class=\"aligncenter\"><img loading=\"lazy\" width=\"700\" height=\"658\" src=\"https:\/\/websitedemos.net\/pet-care-07-wip\/wp-content\/uploads\/sites\/461\/2019\/06\/profile-free-img.jpg\" alt=\"\" class=\"wp-image-628\" srcset=\"https:\/\/karmydedykowane.pl\/blog\/wp-content\/uploads\/2019\/06\/profile-free-img.jpg 700w, https:\/\/karmydedykowane.pl\/blog\/wp-content\/uploads\/2019\/06\/profile-free-img-300x282.jpg 300w\" sizes=\"(max-width: 700px) 100vw, 700px\" \/><\/figure><\/div>\n<\/div><\/div>\n\n\n\n<div class=\"wp-block-uagb-column uagb-column__wrap uagb-column__background-undefined uagb-block-27f7ede3-5ea1-4a55-9795-be264afd0f2f\"><div class=\"uagb-column__overlay\"><\/div><div class=\"uagb-column__inner-wrap\">\n<div class=\"uagb-infobox__outer-wrap uagb-block-e32e78b2-45a5-4d8d-b3d7-494f953dee34\"><div class=\"uagb-infobox__content-wrap uagb-infobox uagb-infobox-has-icon uagb-infobox-icon-above-title uagb-infobox-image-valign-top uagb-infobox-enable-border-radius \"><div class=\"uagb-ifb-left-right-wrap\"><div class=\"uagb-ifb-content\"><div class=\"uagb-ifb-title-wrap\"><span class=\"uagb-ifb-title-prefix\">03<\/span><h3 class=\"uagb-ifb-title\">Piel\u0119gnacja<\/h3><\/div><div class=\"uagb-ifb-text-wrap\"><p class=\"uagb-ifb-desc\">Jakich zabieg\u00f3w piel\u0119gnacyjnych potrzebuje m\u00f3j zwierzak, aby zachowa\u0107 dobr\u0105 kondycj\u0119? <\/p><\/div><\/div><\/div><\/div><\/div>\n\n\n\n<div class=\"uagb-infobox__outer-wrap uagb-block-d2036cac-ce1f-4f8d-b085-b255ff915dce\"><div class=\"uagb-infobox__content-wrap uagb-infobox uagb-infobox-has-icon uagb-infobox-icon-above-title uagb-infobox-image-valign-top uagb-infobox-enable-border-radius \"><div class=\"uagb-ifb-left-right-wrap\"><div class=\"uagb-ifb-content\"><div class=\"uagb-ifb-title-wrap\"><span class=\"uagb-ifb-title-prefix\">04<\/span><h3 class=\"uagb-ifb-title\">Zachowanie<\/h3><\/div><div class=\"uagb-ifb-text-wrap\"><p class=\"uagb-ifb-desc\">Co o zdrowiu naszego pupila mo\u017ce powiedzie\u0107 jego zachowanie? Na co zwr\u00f3ci\u0107 uwag\u0119?<\/p><\/div><\/div><\/div><\/div><\/div>\n<\/div><\/div>\n<\/div><\/section>\n<\/div><\/section>\n\n\n\n<section class=\"wp-block-uagb-section uagb-section__wrap uagb-section__background-image uagb-block-940bfd1f-45dd-4c39-b489-69fa6c511913\"><div class=\"uagb-section__overlay\"><\/div><div class=\"uagb-section__inner-wrap\">\n<section class=\"wp-block-uagb-columns uagb-columns__wrap uagb-columns__background-none uagb-columns__stack-mobile uagb-columns__valign-middle uagb-columns__gap-10 alignundefined uagb-block-a6ec589c-176d-4fbf-a04f-07dc41b0aac4\"><div class=\"uagb-columns__overlay\"><\/div><div class=\"uagb-columns__inner-wrap uagb-columns__columns-3\">\n<div class=\"wp-block-uagb-column uagb-column__wrap uagb-column__background-undefined uagb-block-33329bc4-75f0-4f0c-9b05-d345d85ba634\"><div class=\"uagb-column__overlay\"><\/div><div class=\"uagb-column__inner-wrap\">\n<p><\/p>\n<\/div><\/div>\n\n\n\n<div class=\"wp-block-uagb-column uagb-column__wrap uagb-column__background-none uagb-block-040813d8-a7fa-42fb-a221-674b708c36bd\"><div class=\"uagb-column__overlay\"><\/div><div class=\"uagb-column__inner-wrap\">\n<div class=\"uagb-infobox__outer-wrap uagb-block-8d6c988c-f510-41e9-8006-ea21a49d8f22\"><div class=\"uagb-infobox__content-wrap uagb-infobox uagb-infobox-has-image uagb-infobox-icon-above-title uagb-infobox-image-valign-top uagb-infobox-enable-border-radius \"><div class=\"uagb-ifb-left-right-wrap\"><div class=\"uagb-ifb-content\"><div class=\"uagb-ifb-title-wrap\"><h2 class=\"uagb-ifb-title\"> Nasze najnowsze artyku\u0142y<\/h2><\/div><div class=\"uagb-ifb-text-wrap\"><\/div><\/div><\/div><\/div><\/div>\n<\/div><\/div>\n\n\n\n<div class=\"wp-block-uagb-column uagb-column__wrap uagb-column__background-undefined uagb-block-de69813b-785b-4842-a2fd-197bd1594175\"><div class=\"uagb-column__overlay\"><\/div><div class=\"uagb-column__inner-wrap\"><\/div><\/div>\n<\/div><\/section>\n\n\n\t<div class=\"uagb-post-grid  uagb-post__image-position-top uagb-block-c3215379-7b9a-4f0f-bded-a2d8ad5c9e1b\">\n\n\t\t<div class=\"uagb-post__items uagb-post__columns-3 is-grid uagb-post__columns-tablet-3 uagb-post__columns-mobile-1 uagb-post__equal-height\">\n\n\t\t<article>\n\t\t<div class=\"uagb-post__inner-wrap\">\n\t\t\t\t\t<div class='uagb-post__image'>\n\t\t<a href=\"https:\/\/karmydedykowane.pl\/blog\/2019\/12\/02\/czy-rasa-psa-ma-znaczenie-przy-doborze-karmy\/\" target=\"_self\" rel=\"bookmark noopener noreferrer\"><img width=\"1920\" height=\"1236\" src=\"https:\/\/karmydedykowane.pl\/blog\/wp-content\/uploads\/2019\/12\/pug-2035675_1920-1.jpg\" class=\"attachment-full size-full\" alt=\"\" loading=\"lazy\" srcset=\"https:\/\/karmydedykowane.pl\/blog\/wp-content\/uploads\/2019\/12\/pug-2035675_1920-1.jpg 1920w, https:\/\/karmydedykowane.pl\/blog\/wp-content\/uploads\/2019\/12\/pug-2035675_1920-1-300x193.jpg 300w, https:\/\/karmydedykowane.pl\/blog\/wp-content\/uploads\/2019\/12\/pug-2035675_1920-1-768x494.jpg 768w, https:\/\/karmydedykowane.pl\/blog\/wp-content\/uploads\/2019\/12\/pug-2035675_1920-1-1024x659.jpg 1024w\" sizes=\"(max-width: 1920px) 100vw, 1920px\" \/>\t\t<\/a>\n\t<\/div>\n\t\t\t<div class=\"uagb-post__text\">\n\t\t\t\t<h3 class=\"uagb-post__title\">\n\t\t<a href=\"https:\/\/karmydedykowane.pl\/blog\/2019\/12\/02\/czy-rasa-psa-ma-znaczenie-przy-doborze-karmy\/\" target=\"_self\" rel=\"bookmark noopener noreferrer\">Czy rasa psa ma znaczenie przy doborze karmy?<\/a>\n\t<\/h3>\n\t\t\t\t\t<div class=\"uagb-post-grid-byline\">\n\t\t\t<time datetime=\"2019-12-02T01:07:29+01:00\" class=\"uagb-post__date\">\n\t\t<span class=\"dashicons-calendar dashicons\"><\/span>\n\t\t2 grudnia 2019\t<\/time>\n\t\t\n\t<\/div>\n\t\t\t\t\t<div class=\"uagb-post__excerpt\">\n\t\tRasa psa to nie tylko wyj\u0105tkowy wygl\u0105d naszego pupila, ale r\u00f3wnie\u017c wiele innych cech, daj\u0105cych&hellip;\t<\/div>\n\t\t\t\t\t<div class=\"uagb-post__cta\">\n\t\t<a class=\"uagb-post__link uagb-text-link\" href=\"https:\/\/karmydedykowane.pl\/blog\/2019\/12\/02\/czy-rasa-psa-ma-znaczenie-przy-doborze-karmy\/\" target=\"_self\" rel=\"bookmark noopener noreferrer\">Czytaj<\/a>\n\t<\/div>\n\t\t\t<\/div>\n\t<\/div>\n\t<\/article>\n<article>\n\t\t<div class=\"uagb-post__inner-wrap\">\n\t\t\t\t\t<div class='uagb-post__image'>\n\t\t<a href=\"https:\/\/karmydedykowane.pl\/blog\/2019\/12\/02\/ile-powinien-jesc-moj-pies\/\" target=\"_self\" rel=\"bookmark noopener noreferrer\"><img width=\"1920\" height=\"1280\" src=\"https:\/\/karmydedykowane.pl\/blog\/wp-content\/uploads\/2019\/12\/dog-843800_1920.jpg\" class=\"attachment-full size-full\" alt=\"\" loading=\"lazy\" srcset=\"https:\/\/karmydedykowane.pl\/blog\/wp-content\/uploads\/2019\/12\/dog-843800_1920.jpg 1920w, https:\/\/karmydedykowane.pl\/blog\/wp-content\/uploads\/2019\/12\/dog-843800_1920-300x200.jpg 300w, https:\/\/karmydedykowane.pl\/blog\/wp-content\/uploads\/2019\/12\/dog-843800_1920-768x512.jpg 768w, https:\/\/karmydedykowane.pl\/blog\/wp-content\/uploads\/2019\/12\/dog-843800_1920-1024x683.jpg 1024w\" sizes=\"(max-width: 1920px) 100vw, 1920px\" \/>\t\t<\/a>\n\t<\/div>\n\t\t\t<div class=\"uagb-post__text\">\n\t\t\t\t<h3 class=\"uagb-post__title\">\n\t\t<a href=\"https:\/\/karmydedykowane.pl\/blog\/2019\/12\/02\/ile-powinien-jesc-moj-pies\/\" target=\"_self\" rel=\"bookmark noopener noreferrer\">Ile powinien je\u015b\u0107 m\u00f3j pies?<\/a>\n\t<\/h3>\n\t\t\t\t\t<div class=\"uagb-post-grid-byline\">\n\t\t\t<time datetime=\"2019-12-02T01:38:03+01:00\" class=\"uagb-post__date\">\n\t\t<span class=\"dashicons-calendar dashicons\"><\/span>\n\t\t2 grudnia 2019\t<\/time>\n\t\t\n\t<\/div>\n\t\t\t\t\t<div class=\"uagb-post__excerpt\">\n\t\tZ oty\u0142o\u015bci\u0105 u ps\u00f3w mamy do czynienia, gdy ich masa cia\u0142a jest wi\u0119ksza od prawid\u0142owej&hellip;\t<\/div>\n\t\t\t\t\t<div class=\"uagb-post__cta\">\n\t\t<a class=\"uagb-post__link uagb-text-link\" href=\"https:\/\/karmydedykowane.pl\/blog\/2019\/12\/02\/ile-powinien-jesc-moj-pies\/\" target=\"_self\" rel=\"bookmark noopener noreferrer\">Czytaj<\/a>\n\t<\/div>\n\t\t\t<\/div>\n\t<\/div>\n\t<\/article>\n\t\t<\/div>\n\t<\/div>\n\t\n\n\n<section class=\"wp-block-uagb-columns uagb-columns__wrap uagb-columns__background-color uagb-columns__stack-tablet uagb-columns__valign-middle uagb-columns__gap-10 alignundefined uagb-block-5daf5ca5-906e-4992-8ddb-2e55dddf0979\"><div class=\"uagb-columns__overlay\"><\/div><div class=\"uagb-columns__inner-wrap uagb-columns__columns-2\">\n<div class=\"wp-block-uagb-column uagb-column__wrap uagb-column__background-undefined uagb-block-9c9dd8e6-24b3-4e0c-b246-f0f9a5c338b4\"><div class=\"uagb-column__overlay\"><\/div><div class=\"uagb-column__inner-wrap\">\n<div class=\"wp-block-uagb-advanced-heading uagb-block-fd39f2ed-c8d6-409d-9e4b-5070695b21df\" id=\"uagb-adv-heading-03254dc1-075b-40be-810e-68433c1c55dc\"><h3 class=\"uagb-heading-text\">Do\u0142\u0105cz do naszych czytelnik\u00f3w<\/h3><p class=\"uagb-desc-text\"><\/p><\/div>\n<\/div><\/div>\n\n\n\n<div class=\"wp-block-uagb-column uagb-column__wrap uagb-column__background-undefined uagb-block-32c7d94c-321a-42d0-8e41-a7c8ade18fd5\"><div class=\"uagb-column__overlay\"><\/div><div class=\"uagb-column__inner-wrap\"><div class=\"wpforms-container inline-fields\" id=\"wpforms-7\"><form id=\"wpforms-form-7\" class=\"wpforms-validate wpforms-form\" data-formid=\"7\" method=\"post\" enctype=\"multipart\/form-data\" action=\"\/blog\/wp-json\/wp\/v2\/pages\/782\"><noscript class=\"wpforms-error-noscript\">Please enable JavaScript in your browser to complete this form.<\/noscript><div class=\"wpforms-field-container\"><div id=\"wpforms-7-field_1-container\" class=\"wpforms-field wpforms-field-email inline-fields\" data-field-id=\"1\"><label class=\"wpforms-field-label wpforms-label-hide\" for=\"wpforms-7-field_1\">Email <span class=\"wpforms-required-label\">*<\/span><\/label><input type=\"email\" id=\"wpforms-7-field_1\" class=\"wpforms-field-large wpforms-field-required\" name=\"wpforms[fields][1]\" placeholder=\"Wprowad\u017a adres e-mail\" required><\/div><\/div><div class=\"wpforms-field wpforms-field-hp\"><label for=\"wpforms-7-field-hp\" class=\"wpforms-field-label\">Name<\/label><input type=\"text\" name=\"wpforms[hp]\" id=\"wpforms-7-field-hp\" class=\"wpforms-field-medium\"><\/div><div class=\"wpforms-submit-container\" ><input type=\"hidden\" name=\"wpforms[id]\" value=\"7\"><input type=\"hidden\" name=\"wpforms[author]\" value=\"1\"><button type=\"submit\" name=\"wpforms[submit]\" class=\"wpforms-submit inline-fields\" id=\"wpforms-submit-7\" value=\"wpforms-submit\" aria-live=\"assertive\" data-alt-text=\"Wysy\u0142anie...\" data-submit-text=\"Wy\u015blij\">Wy\u015blij<\/button><\/div><\/form><\/div>  <!-- .wpforms-container -->\n<\/div><\/div>\n<\/div><\/section>\n<\/div><\/section>\n\n\n\n<section class=\"wp-block-uagb-section uagb-section__wrap uagb-section__background-color uagb-block-0b812be7-1d29-4ab8-9f74-712192c6cb36 sectionHiddenHeight\"><div class=\"uagb-section__overlay\"><\/div><div class=\"uagb-section__inner-wrap\">\n<section class=\"wp-block-uagb-columns uagb-columns__wrap uagb-columns__background-undefined uagb-columns__stack-mobile uagb-columns__valign-middle uagb-columns__gap-10 alignundefined uagb-block-accad1b5-4e18-418b-8e11-4373408cca93 sectionHiddenDisplay\"><div class=\"uagb-columns__overlay\"><\/div><div class=\"uagb-columns__inner-wrap uagb-columns__columns-3\">\n<div class=\"wp-block-uagb-column uagb-column__wrap uagb-column__background-undefined uagb-block-d7468e09-8526-4fc7-8c7f-ae0561966861\"><div class=\"uagb-column__overlay\"><\/div><div class=\"uagb-column__inner-wrap\">\n<p><\/p>\n<\/div><\/div>\n\n\n\n<div class=\"wp-block-uagb-column uagb-column__wrap uagb-column__background-undefined uagb-block-4f250760-23f2-4fbf-953d-c0edd9962bb7\"><div class=\"uagb-column__overlay\"><\/div><div class=\"uagb-column__inner-wrap\">\n<div class=\"wp-block-uagb-advanced-heading uagb-block-b22a6198-c1aa-4b77-9c87-a3f40814a780\" id=\"uagb-adv-heading-1b6d19c2-51b1-4779-a2cd-a1ef3fd7d482\"><h2 class=\"uagb-heading-text\"> Nasi czytelnicy pisz\u0105<\/h2><p class=\"uagb-desc-text\"><\/p><\/div>\n<\/div><\/div>\n\n\n\n<div class=\"wp-block-uagb-column uagb-column__wrap uagb-column__background-undefined uagb-block-9ccaf46e-7f50-40af-93a1-b51113a54da7\"><div class=\"uagb-column__overlay\"><\/div><div class=\"uagb-column__inner-wrap\"><\/div><\/div>\n<\/div><\/section>\n\n\n\n<section class=\"wp-block-uagb-columns uagb-columns__wrap uagb-columns__background-undefined uagb-columns__stack-mobile uagb-columns__valign-middle uagb-columns__gap-10 alignundefined uagb-block-5a4a6c3c-b8eb-4969-8ca5-836d1f6447f2 sectionHiddenDisplay\"><div class=\"uagb-columns__overlay\"><\/div><div class=\"uagb-columns__inner-wrap uagb-columns__columns-2\">\n<div class=\"wp-block-uagb-column uagb-column__wrap uagb-column__background-image uagb-block-547a6132-5166-4a14-8653-ed86427f083f\"><div class=\"uagb-column__overlay\"><\/div><div class=\"uagb-column__inner-wrap\">\n<div class=\"uagb-testomonial__outer-wrap uagb-slick-carousel uagb-tm__arrow-outside\" id=\"uagb-testimonial-0575cf02-4231-4c56-bef0-a1949312f56c\"><div class=\"is-carousel uagb-tm__columns-1 uagb-tm__items\"><div class=\"uagb-testimonial__wrap  uagb-tm__imgicon-style-circle uagb-tm__image-position-top uagb-tm__bg-type-undefined \"><div class=\"uagb-tm__content\"><div class=\"uagb-tm__overlay\"><\/div><div class=\"uagb-tm__image-content\"><div class=\"uagb-tm__image\"><figure><img class=\"\" src=\"https:\/\/websitedemos.net\/pet-care-07-wip\/wp-content\/uploads\/sites\/461\/2019\/06\/testimonial1-free-img-150x150.jpg\" alt=\"\"><\/figure><\/div><\/div><div class=\"uagb-tm__text-wrap\"><div class=\"uagb-testinomial-text-wrap\"><div class=\"uagb-tm__desc\"><em> &#8222;<\/em> <em>Morbi ac libero ullamcorper, pharetra lectus in, ornare lacus. Praesent metus mauris, feugiat quis rutrum ac.&#8221;<\/em><\/div><\/div><div class=\"uagb-tm__meta\"><div class=\"uagb-tm__meta-inner\"><div class=\"uagb-testimonial-details\"><span class=\"uagb-tm__author-name\">Marta Dan<\/span><span class=\"uagb-tm__company\"><\/span><\/div><\/div><\/div><\/div><\/div><\/div><\/div><\/div>\n\n\n\n<p><\/p>\n<\/div><\/div>\n\n\n\n<div class=\"wp-block-uagb-column uagb-column__wrap uagb-column__background-image uagb-block-9cdc5aa6-4b1b-4e3a-aede-791511906b19\"><div class=\"uagb-column__overlay\"><\/div><div class=\"uagb-column__inner-wrap\">\n<div class=\"uagb-testomonial__outer-wrap uagb-slick-carousel uagb-tm__arrow-outside\" id=\"uagb-testimonial-34cec0cb-58a2-4bcc-b4dc-8fdbe0175cc2\"><div class=\"is-carousel uagb-tm__columns-1 uagb-tm__items\"><div class=\"uagb-testimonial__wrap  uagb-tm__imgicon-style-circle uagb-tm__image-position-top uagb-tm__bg-type-undefined \"><div class=\"uagb-tm__content\"><div class=\"uagb-tm__overlay\"><\/div><div class=\"uagb-tm__image-content\"><div class=\"uagb-tm__image\"><img class=\"\" src=\"https:\/\/websitedemos.net\/pet-care-07-wip\/wp-content\/uploads\/sites\/461\/2019\/06\/testimonial2-free-img-150x150.jpg\" alt=\"\"><\/div><\/div><div class=\"uagb-tm__text-wrap\"><div class=\"uagb-testinomial-text-wrap\"><div class=\"uagb-tm__desc\"><em> &#8222;Morbi ac libero ullamcorper, pharetra lectus in, ornare lacus. Praesent metus mauris, feugiat quis rutrum ac.&#8221;<\/em><\/div><\/div><div class=\"uagb-tm__meta\"><div class=\"uagb-tm__meta-inner\"><div class=\"uagb-testimonial-details\"><span class=\"uagb-tm__author-name\"> Amber Smith<\/span><span class=\"uagb-tm__company\"><\/span><\/div><\/div><\/div><\/div><\/div><\/div><\/div><\/div>\n<\/div><\/div>\n<\/div><\/section>\n<\/div><\/section>\n\n\n\n<section class=\"wp-block-uagb-section uagb-section__wrap uagb-section__background-color uagb-block-1353009c-59db-4329-842f-22b023ce1a8d\"><div class=\"uagb-section__overlay\"><\/div><div class=\"uagb-section__inner-wrap\">\n<section class=\"wp-block-uagb-columns uagb-columns__wrap uagb-columns__background-undefined uagb-columns__stack-tablet uagb-columns__valign-middle uagb-columns__gap-10 alignundefined uagb-block-0fe465eb-2dd1-494e-842a-953d9e6a4967\"><div class=\"uagb-columns__overlay\"><\/div><div class=\"uagb-columns__inner-wrap uagb-columns__columns-3\">\n<div class=\"wp-block-uagb-column uagb-column__wrap uagb-column__background-undefined uagb-block-f8266d4a-22a9-47d2-bfd9-1a71a68a3814\"><div class=\"uagb-column__overlay\"><\/div><div class=\"uagb-column__inner-wrap\">\n<p><\/p>\n<\/div><\/div>\n\n\n\n<div class=\"wp-block-uagb-column uagb-column__wrap uagb-column__background-undefined uagb-block-9d5e413d-045e-4671-93eb-55b9045e126d\"><div class=\"uagb-column__overlay\"><\/div><div class=\"uagb-column__inner-wrap\">\n<div class=\"uagb-infobox__outer-wrap uagb-block-1b49a30b-db71-4116-9f21-fea9fea3c871\"><div class=\"uagb-infobox__content-wrap uagb-infobox uagb-infobox-has-icon uagb-infobox-icon-above-title uagb-infobox-image-valign-top uagb-infobox-enable-border-radius \"><div class=\"uagb-ifb-left-right-wrap\"><div class=\"uagb-ifb-content\"><div class=\"uagb-ifb-title-wrap\"><h2 class=\"uagb-ifb-title\"> My\u015blisz nad adopcj\u0105 psa?<\/h2><\/div><div class=\"uagb-ifb-text-wrap\"><p class=\"uagb-ifb-desc\">Wsp\u00f3\u0142pracujemy z tr\u00f3jmiejskimi schroniskami dla zwierz\u0105t. Kliknij poni\u017cej, je\u017celi jeste\u015b zainteresowany.<\/p><div class=\"uagb-ifb-cta uagb-infobox-cta-link-style\"><div class=\"uagb-ifb-button-wrapper\"><a href=\"https:\/\/schroniskopromyk.pl\/\" class=\"uagb-infobox-cta-link uagb-ifb-cta-button\" target=\"_blank\" rel=\"noopener noreferrer\"><span class=\"uagb-ifb-cta-content-wrapper\"><span class=\"uagb-inline-editing \">Adoptuj<\/span><\/span><\/a><\/div><\/div><\/div><\/div><\/div><\/div><\/div>\n<\/div><\/div>\n\n\n\n<div class=\"wp-block-uagb-column uagb-column__wrap uagb-column__background-undefined uagb-block-48a20b15-e736-4c3a-8c0e-c65ac743980f\"><div class=\"uagb-column__overlay\"><\/div><div class=\"uagb-column__inner-wrap\"><\/div><\/div>\n<\/div><\/section>\n\n\n\n<p><\/p>\n<\/div><\/section>\n","protected":false},"excerpt":{"rendered":"","protected":false},"author":1,"featured_media":0,"parent":0,"menu_order":0,"comment_status":"closed","ping_status":"closed","template":"","meta":[],"uagb_featured_image_src":{"full":false,"thumbnail":false,"medium":false,"medium_large":false,"large":false,"1536x1536":false,"2048x2048":false},"uagb_author_info":{"display_name":"karmy","author_link":"https:\/\/karmydedykowane.pl\/blog\/author\/karmy\/"},"uagb_comment_info":0,"uagb_excerpt":null,"_links":{"self":[{"href":"https:\/\/karmydedykowane.pl\/blog\/wp-json\/wp\/v2\/pages\/782"}],"collection":[{"href":"https:\/\/karmydedykowane.pl\/blog\/wp-json\/wp\/v2\/pages"}],"about":[{"href":"https:\/\/karmydedykowane.pl\/blog\/wp-json\/wp\/v2\/types\/page"}],"author":[{"embeddable":true,"href":"https:\/\/karmydedykowane.pl\/blog\/wp-json\/wp\/v2\/users\/1"}],"replies":[{"embeddable":true,"href":"https:\/\/karmydedykowane.pl\/blog\/wp-json\/wp\/v2\/comments?post=782"}],"version-history":[{"count":22,"href":"https:\/\/karmydedykowane.pl\/blog\/wp-json\/wp\/v2\/pages\/782\/revisions"}],"predecessor-version":[{"id":1026,"href":"https:\/\/karmydedykowane.pl\/blog\/wp-json\/wp\/v2\/pages\/782\/revisions\/1026"}],"wp:attachment":[{"href":"https:\/\/karmydedykowane.pl\/blog\/wp-json\/wp\/v2\/media?parent=782"}],"curies":[{"name":"wp","href":"https:\/\/api.w.org\/{rel}","templated":true}]}}